{"id":205,"date":"2015-09-22T15:26:14","date_gmt":"2015-09-22T22:26:14","guid":{"rendered":"http:\/\/espanol.lifeassuranceministries.org\/?page_id=205"},"modified":"2015-09-22T15:31:37","modified_gmt":"2015-09-22T22:31:37","slug":"comentarios-de-la-redactora","status":"publish","type":"page","link":"https:\/\/revistaproclamacion.com\/?page_id=205","title":{"rendered":"Comentarios de la redactora: Ant\u00edoco IV Ep\u00edfanes y la resurrecci\u00f3n"},"content":{"rendered":"<p><strong><span style=\"color: #999999; font-size: large;\">\u00a0<\/span><\/strong><\/p>\n<p><img loading=\"lazy\" decoding=\"async\" id=\"ColleenRETOUCHEDsmall\" src=\"http:\/\/www.lifeassuranceministries.org\/proclamation\/2014\/1\/Resources\/colleenretouched.jpeg\" alt=\"Colleen Tinker\" width=\"108\" height=\"149\" \/><\/p>\n<p>&nbsp;<\/p>\n<p>El mes pasado hemos experimentado el sufrimiento y la muerte muy de cerca. Primero, el 27 de marzo asistimos al funeral de Janice Vandiver, la hija de Gary y Elizabeth Inrig. Recientemente, Gary cedi\u00f3 el puesto de pastor principal de la iglesia Trinity en Redlands, California, y Elizabeth el de la pastora de mujeres. Nos conmovi\u00f3 mucho, y nos fortaleci\u00f3 escuchar a Gary y a su hijo Stephen mientras nos recordaron que las promesas de Dios son seguras y que Su fidelidad nunca falla, aun cuando afrontamos m\u00e1s de lo que podemos aguantar. Nuestro Padre permanece con nosotros y nos apoya.<\/p>\n<p>Luego, el 4 de abril, pas\u00e9 todo el d\u00eda en la sala de emergencia con mi madre, a quien finalmente internaron en la unidad de cuidado card\u00edaco con la frecuencia y el ritmo card\u00edaco violentamente descontrolados. Esto sucedi\u00f3 tres semanas despu\u00e9s de sufrir una fractura de la columna vertebral al nivel T8. Tres d\u00edas m\u00e1s tarde, estaba con ella y una amiga suya de confianza cuando ella decidi\u00f3 que no quer\u00eda, aunque fuese recomendado, que le instalaran un estimulador card\u00edaco.<\/p>\n<p>Mientras escuchaba a mi mam\u00e1 decir que, si ese era su tiempo, estaba lista para irse , pensaba en el Salmo 139:16b: \u00ab\u2026todo estaba ya escrito en Tu libro; todos mis d\u00edas se estaban dise\u00f1ando, aunque no exist\u00eda uno solo de ellos\u00bb. Entre las tres personas no hab\u00eda ni drama ni temor, y me di cuenta de que Dios ya sabe cu\u00e1ndo se llevar\u00e1 a mi madre a casa, es decir, a Si Mismo. Si Dios todav\u00eda tiene algo para que ella haga, la va a sostener con o sin un estimulador card\u00edaco.<\/p>\n<p>El sufrimiento y la p\u00e9rdida de nuestros seres queridos \u2014y la nuestra\u2014, no carece de sentido. A causa del Se\u00f1or Jes\u00fas, nuestras vidas \u2014e incluso nuestro sufrimiento\u2014, son redimidas para Su gloria y nuestro bien. Es m\u00e1s, puesto que Jes\u00fas rompi\u00f3 la maldici\u00f3n de la muerte con Su sacrificio perfecto y aceptable por el pecado de la humanidad, los que se arrepienten y creen en \u00c9l tienen la garant\u00eda de la vida eterna en Su presencia, \u00a1y tenemos la garant\u00eda que nuestros cuerpos ser\u00e1n resucitados incorruptibles!<\/p>\n<p>Entonces, \u00bfqu\u00e9 papel juega Ant\u00edoco Ep\u00edfanes en esta conversaci\u00f3n?<\/p>\n<p style=\"padding-left: 90px;\"><span style=\"color: #008000;\"><strong>El Se\u00f1or Jes\u00fas pulveriza la doctrina principal del adventismo. Su sangre nunca contamina el santuario con nuestro pecado.<\/strong><\/span><\/p>\n<p>La doctrina central adventista, el juicio investigativo (JI), ense\u00f1a que la abominaci\u00f3n desoladora que contamina el santuario es el pecado de los que proclaman a Jesucristo. Este pecado, seg\u00fan la iglesia adventista, ha sido llevado al santuario celestial por la sangre de Jes\u00fas, y los pecados permanecen all\u00ed hasta que Jes\u00fas cumpla Su investigaci\u00f3n del caso de cada uno, y colocar\u00e1 todos los pecados confesados de los salvos sobre Satan\u00e1s, el chivo expiatorio. Despu\u00e9s, Satan\u00e1s cargar\u00e1 estos pecados al lago de fuego y ser\u00e1 castigado por ellos.<\/p>\n<p>Es obvio que esta doctrina dice que es la misma sangre de Jes\u00fas la que contamina el santuario celestial. Este Jes\u00fas no cumpli\u00f3 con la expiaci\u00f3n en la cruz, sino que sigue \u00abaplicando Su sangre\u00bb en una expiaci\u00f3n continua durante el JI. Este Jes\u00fas no fue lo suficientemente poderoso para salvarnos completamente por medio de Su obra en la cruz, ni fue lo suficientemente poderoso para romper los lazos de la muerte mediante la vida que estaba en \u00c9l.<\/p>\n<p>Pero en la cruz, el Se\u00f1or Jes\u00fas s\u00ed hizo todo lo necesario para nuestra salvaci\u00f3n, y resucit\u00f3 de la muerte porque \u00c9l es Vida. Su vida resucitada y victoriosa es la raz\u00f3n por la que podemos nacer de nuevo y pasar, en ese preciso momento, de la muerte a la vida. Es m\u00e1s, cuando \u00c9l regrese, Su resurrecci\u00f3n garantizar\u00e1 la nuestra.<\/p>\n<p>El Se\u00f1or Jes\u00fas pulveriza la doctrina principal del adventismo. Su sangre nunca contamina el santuario con nuestro pecado; Su sangre siempre nos limpia de nuestro pecado.<\/p>\n<p>Entonces, \u00bfqui\u00e9n contamin\u00f3 el templo haciendo necesaria su limpieza en Daniel 8:14? \u00a1Ant\u00edoco Ep\u00edfanes! Dale Ratzlaff expone esta informaci\u00f3n hist\u00f3rica en su art\u00edculo en esta edici\u00f3n. Tambi\u00e9n en esta edici\u00f3n, Scott Blakey escribe del significado y del misterio de la resurrecci\u00f3n.<\/p>\n<p>Paul Carden comparte su historia de c\u00f3mo descubri\u00f3 la realidad escondida del adventismo, y Martin Carey responde a la cr\u00edtica de sus art\u00edculos sobre la formaci\u00f3n espiritual. Charles Cochran comparte su historia de fe, y tambi\u00e9n leemos art\u00edculos de nuestros columnistas regulares, Rick Barker, Carolyn Macomber, y Chris Lee.<\/p>\n<p>La resurrecci\u00f3n de Jes\u00fas cambi\u00f3 toda la historia. Nuestra mortalidad no es nuestra identidad cuando estamos en \u00c9l. Tenemos paz con Dios; ni siquiera la muerte puede separarnos de Su amor. \u00a1\u00c9l ha resucitado!<\/p>\n<p><strong>\u00a0<\/strong><\/p>\n","protected":false},"excerpt":{"rendered":"<p>\u00a0 &nbsp; El mes pasado hemos experimentado el sufrimiento y la muerte muy de cerca. Primero, el 27 de marzo asistimos al funeral de Janice Vandiver, la hija de Gary y Elizabeth Inrig. Recientemente, Gary cedi\u00f3 el puesto de pastor &hellip; <a class=\"kt-excerpt-readmore\" href=\"https:\/\/revistaproclamacion.com\/?page_id=205\" aria-label=\"Comentarios de la redactora: Ant\u00edoco IV Ep\u00edfanes y la resurrecci\u00f3n\">Lee mas<\/a><\/p>\n","protected":false},"author":1,"featured_media":0,"parent":196,"menu_order":0,"comment_status":"closed","ping_status":"closed","template":"","meta":{"kt_blocks_editor_width":"","_kad_blocks_custom_css":"","_kad_blocks_head_custom_js":"","_kad_blocks_body_custom_js":"","_kad_blocks_footer_custom_js":"","footnotes":""},"class_list":["post-205","page","type-page","status-publish","hentry"],"taxonomy_info":[],"featured_image_src_large":false,"author_info":{"display_name":"richardtinker@gmail.com","author_link":"https:\/\/revistaproclamacion.com\/?author=1"},"comment_info":0,"_links":{"self":[{"href":"https:\/\/revistaproclamacion.com\/index.php?rest_route=\/wp\/v2\/pages\/205","targetHints":{"allow":["GET"]}}],"collection":[{"href":"https:\/\/revistaproclamacion.com\/index.php?rest_route=\/wp\/v2\/pages"}],"about":[{"href":"https:\/\/revistaproclamacion.com\/index.php?rest_route=\/wp\/v2\/types\/page"}],"author":[{"embeddable":true,"href":"https:\/\/revistaproclamacion.com\/index.php?rest_route=\/wp\/v2\/users\/1"}],"replies":[{"embeddable":true,"href":"https:\/\/revistaproclamacion.com\/index.php?rest_route=%2Fwp%2Fv2%2Fcomments&post=205"}],"version-history":[{"count":5,"href":"https:\/\/revistaproclamacion.com\/index.php?rest_route=\/wp\/v2\/pages\/205\/revisions"}],"predecessor-version":[{"id":210,"href":"https:\/\/revistaproclamacion.com\/index.php?rest_route=\/wp\/v2\/pages\/205\/revisions\/210"}],"up":[{"embeddable":true,"href":"https:\/\/revistaproclamacion.com\/index.php?rest_route=\/wp\/v2\/pages\/196"}],"wp:attachment":[{"href":"https:\/\/revistaproclamacion.com\/index.php?rest_route=%2Fwp%2Fv2%2Fmedia&parent=205"}],"curies":[{"name":"wp","href":"https:\/\/api.w.org\/{rel}","templated":true}]}}