{"id":2,"date":"2015-04-28T04:57:23","date_gmt":"2015-04-28T04:57:23","guid":{"rendered":"http:\/\/espanol.lifeassuranceministries.org\/?page_id=2"},"modified":"2015-08-17T21:19:00","modified_gmt":"2015-08-18T04:19:00","slug":"sample-page","status":"publish","type":"page","link":"https:\/\/revistaproclamacion.com\/","title":{"rendered":"\u00a1Proclamaci\u00f3n!"},"content":{"rendered":"<p><strong>BIENVENIDA<\/strong><\/p>\n<p>Bienvenida a todos los lectores de \u00a1Proclamaci\u00f3n! Qu\u00e9 Dios los bendiga mientras buscan la Verdad, cueste lo que cueste. Si usted tiene preguntas o sugerencias, env\u00edenos un correo electr\u00f3nico.<\/p>\n<p>Vengan a m\u00ed todos ustedes que est\u00e1n cansados y agobiados, y yo les dar\u00e9 descanso.\u2014Jes\u00fas<\/p>\n<p>\u00a1Bienvenida a los Adventistas del S\u00e9ptimo D\u00eda y a los ex-adventistas! Los ministerios Life Assurance es la casa editorial de \u00a1Proclamaci\u00f3n!, una revista bimestral para los ex-adventistas, los adventistas inquisitivos, aquellos que guardan el \u0161abbat, y los cristianos evang\u00e9licos interesados.<\/p>\n<p><strong>Misi\u00f3n:<\/strong> Proclamar las buenas noticias del Evangelio del Nuevo Pacto de gracia en Jesucristo y luchar contra los errores del legalismo y la religi\u00f3n falsa.<\/p>\n<p><strong>Lema:<\/strong> La verdad no necesita otro fundamento que no sea la investigaci\u00f3n honesta bajo la direcci\u00f3n del Esp\u00edritu Santo y la buena voluntad de seguir la verdad cuando \u00e9sta se revela.<\/p>\n<p><strong>Mensaje:<\/strong> \u201cPorque por gracia ustedes han sido salvados mediante la fe; esto no procede de ustedes, sino que es el regalo de Dios, no por obras, para que nadie jacte.\u201d Efesios 2:8-9<\/p>\n<p>&nbsp;<\/p>\n<p><strong>RECURSOS<\/strong><\/p>\n<p>Dale Ratzlaff, el fundador de Life Assurance Ministries (LAM), tiene muchos libros disponibles en el sitio web de Life Assurance Ministries en la secci\u00f3n de publicaciones.<\/p>\n<ul>\n<li><em><a href=\"http:\/\/www.ratzlaf.com\/Books_c2.htm\">La Doctrina Sectaria de los Adventistas del Septimo Dia, Un Recurso Evangelico, Una Apelacion a los<\/a><\/em><\/li>\n<li><em><a href=\"http:\/\/www.ratzlaf.com\/Books_c2.htm\">Sabado en Cristo<\/a><\/em><\/li>\n<li><em><a href=\"http:\/\/www.ratzlaf.com\/Books_c2.htm\">La Verdad de Los SDAs<\/a><\/em><\/li>\n<li><em><a href=\"http:\/\/www.ratzlaf.com\/Books_c2.htm\">Adventistas Del Septimo Dia<\/a><\/em><\/li>\n<li><em><a href=\"http:\/\/www.ratzlaf.com\/Books_c2.htm\">La Nube Blanca<\/a><\/em><\/li>\n<\/ul>\n","protected":false},"excerpt":{"rendered":"<p>BIENVENIDA Bienvenida a todos los lectores de \u00a1Proclamaci\u00f3n! Qu\u00e9 Dios los bendiga mientras buscan la Verdad, cueste lo que cueste. Si usted tiene preguntas o sugerencias, env\u00edenos un correo electr\u00f3nico. Vengan a m\u00ed todos ustedes que est\u00e1n cansados y agobiados, &hellip; <a class=\"kt-excerpt-readmore\" href=\"https:\/\/revistaproclamacion.com\/\" aria-label=\"\u00a1Proclamaci\u00f3n!\">Lee mas<\/a><\/p>\n","protected":false},"author":1,"featured_media":5,"parent":0,"menu_order":0,"comment_status":"open","ping_status":"closed","template":"","meta":{"kt_blocks_editor_width":"","_kad_blocks_custom_css":"","_kad_blocks_head_custom_js":"","_kad_blocks_body_custom_js":"","_kad_blocks_footer_custom_js":"","footnotes":""},"class_list":["post-2","page","type-page","status-publish","has-post-thumbnail","hentry"],"taxonomy_info":[],"featured_image_src_large":["https:\/\/revistaproclamacion.com\/wp-content\/uploads\/2015\/08\/spanishweb2012ma-1024x110.jpeg",1024,110,true],"author_info":{"display_name":"richardtinker@gmail.com","author_link":"https:\/\/revistaproclamacion.com\/?author=1"},"comment_info":0,"_links":{"self":[{"href":"https:\/\/revistaproclamacion.com\/index.php?rest_route=\/wp\/v2\/pages\/2","targetHints":{"allow":["GET"]}}],"collection":[{"href":"https:\/\/revistaproclamacion.com\/index.php?rest_route=\/wp\/v2\/pages"}],"about":[{"href":"https:\/\/revistaproclamacion.com\/index.php?rest_route=\/wp\/v2\/types\/page"}],"author":[{"embeddable":true,"href":"https:\/\/revistaproclamacion.com\/index.php?rest_route=\/wp\/v2\/users\/1"}],"replies":[{"embeddable":true,"href":"https:\/\/revistaproclamacion.com\/index.php?rest_route=%2Fwp%2Fv2%2Fcomments&post=2"}],"version-history":[{"count":3,"href":"https:\/\/revistaproclamacion.com\/index.php?rest_route=\/wp\/v2\/pages\/2\/revisions"}],"predecessor-version":[{"id":14,"href":"https:\/\/revistaproclamacion.com\/index.php?rest_route=\/wp\/v2\/pages\/2\/revisions\/14"}],"wp:featuredmedia":[{"embeddable":true,"href":"https:\/\/revistaproclamacion.com\/index.php?rest_route=\/wp\/v2\/media\/5"}],"wp:attachment":[{"href":"https:\/\/revistaproclamacion.com\/index.php?rest_route=%2Fwp%2Fv2%2Fmedia&parent=2"}],"curies":[{"name":"wp","href":"https:\/\/api.w.org\/{rel}","templated":true}]}}